{"id":11,"date":"2018-10-02T11:59:30","date_gmt":"2018-10-02T11:59:30","guid":{"rendered":"https:\/\/www.francuskijezik.rs\/wp\/?page_id=11"},"modified":"2019-11-27T12:32:00","modified_gmt":"2019-11-27T11:32:00","slug":"contact-location","status":"publish","type":"page","link":"https:\/\/www.francuskijezik.rs\/wp\/contact-location\/","title":{"rendered":"Kontakt"},"content":{"rendered":"\r\n<h2 class=\"wp-block-heading\">Kontakt informacije:<\/h2>\r\n\r\n\r\n\r\n<ul class=\"wp-block-list\">\r\n<li>Adresa &#8212; Maksima Gorkog 1a, Beograd<\/li>\r\n<\/ul>\r\n\r\n\r\n\r\n<ul class=\"wp-block-list\">\r\n<li>Broj telefona &#8212; 064 988 99 13<\/li>\r\n<\/ul>\r\n\r\n\r\n\r\n<ul class=\"wp-block-list\">\r\n<li>E mail &#8212; <a href=\"mailto:lumieres.edl@gmail.com\">lumieres.edl@gmail.com<\/a><\/li>\r\n<\/ul>\r\n\r\n<div class=\"fluid-media\"><iframe loading=\"lazy\" style=\"border: 0;\" src=\"https:\/\/www.google.com\/maps\/embed?pb=!1m14!1m8!1m3!1d2831.0036624473228!2d20.475937!3d44.801114!3m2!1i1024!2i768!4f13.1!3m3!1m2!1s0x0%3A0xac0df6132055f226!2sCentar%20za%20francuski%20jezik%20Lumi%C3%A8res%2C%20Vra%C4%8Dar!5e0!3m2!1sen!2srs!4v1573320740785!5m2!1sen!2srs\" width=\"800\" height=\"600\" frameborder=\"0\" style=\"border:0;\" allowfullscreen=\"allowfullscreen\"><\/iframe><\/div>\r\n<div class=\"divider\"><\/div>\r\n\r\n<h2 class=\"wp-block-heading\">Radno vreme:<\/h2>\r\n\r\n\r\n\r\n<ul class=\"wp-block-list\">\r\n<li>Radnim danima &#8212; 11:00-21:00 \u010dasova<\/li>\r\n<\/ul>\r\n\r\n\r\n\r\n<ul class=\"wp-block-list\">\r\n<li>Subotom &#8212; 10:00-17:00 \u010dasova<\/li>\r\n<\/ul>\r\n\r\n<div class=\"divider\"><\/div>\r\n\r\n<h2 class=\"wp-block-heading\">Op\u0161te informacije:<\/h2>\r\n\r\n\r\n\r\n<ul class=\"wp-block-list\">\r\n<li>Teku\u0107i ra\u010dun &#8212; 265-1740310001371-11 | <a href=\"https:\/\/www.raiffeisenbank.rs\/\" target=\"_blank\" rel=\"noopener noreferrer\">Raiffeisen banka a.d. Beograd<\/a><\/li>\r\n<\/ul>\r\n\r\n\r\n\r\n<ul class=\"wp-block-list\">\r\n<li>Mati\u010dni broj &#8212; 64721135<\/li>\r\n<\/ul>\r\n\r\n\r\n\r\n<ul class=\"wp-block-list\">\r\n<li>PIB &#8212; 110197390<\/li>\r\n<\/ul>\r\n","protected":false},"excerpt":{"rendered":"<p>Kontakt informacije: Adresa &#8212; Maksima Gorkog 1a, Beograd Broj telefona &#8212; 064 988 99 13 E mail &#8212; lumieres.edl@gmail.com Radno vreme: Radnim danima &#8212; 11:00-21:00 \u010dasova Subotom &#8212; 10:00-17:00 \u010dasova Op\u0161te informacije: Teku\u0107i ra\u010dun &#8212; 265-1740310001371-11 | Raiffeisen banka a.d. Beograd Mati\u010dni broj &#8212; 64721135 PIB &#8212; 110197390<\/p>\n","protected":false},"author":1,"featured_media":0,"parent":0,"menu_order":0,"comment_status":"closed","ping_status":"closed","template":"","meta":{"footnotes":""},"categories":[],"tags":[15,16,17,18,14,6,23,22,21,19,20,12],"class_list":["post-11","page","type-page","status-publish","hentry","tag-adresa","tag-broj-telefona-email","tag-e-mail","tag-e-posta","tag-kontakt","tag-lumieres","tag-maksima-gorkog","tag-maticni-broj","tag-pib","tag-radno-vreme","tag-radno-vreme-skole","tag-vracar"],"aioseo_notices":[],"_links":{"self":[{"href":"https:\/\/www.francuskijezik.rs\/wp\/wp-json\/wp\/v2\/pages\/11","targetHints":{"allow":["GET"]}}],"collection":[{"href":"https:\/\/www.francuskijezik.rs\/wp\/wp-json\/wp\/v2\/pages"}],"about":[{"href":"https:\/\/www.francuskijezik.rs\/wp\/wp-json\/wp\/v2\/types\/page"}],"author":[{"embeddable":true,"href":"https:\/\/www.francuskijezik.rs\/wp\/wp-json\/wp\/v2\/users\/1"}],"replies":[{"embeddable":true,"href":"https:\/\/www.francuskijezik.rs\/wp\/wp-json\/wp\/v2\/comments?post=11"}],"version-history":[{"count":19,"href":"https:\/\/www.francuskijezik.rs\/wp\/wp-json\/wp\/v2\/pages\/11\/revisions"}],"predecessor-version":[{"id":249,"href":"https:\/\/www.francuskijezik.rs\/wp\/wp-json\/wp\/v2\/pages\/11\/revisions\/249"}],"wp:attachment":[{"href":"https:\/\/www.francuskijezik.rs\/wp\/wp-json\/wp\/v2\/media?parent=11"}],"wp:term":[{"taxonomy":"category","embeddable":true,"href":"https:\/\/www.francuskijezik.rs\/wp\/wp-json\/wp\/v2\/categories?post=11"},{"taxonomy":"post_tag","embeddable":true,"href":"https:\/\/www.francuskijezik.rs\/wp\/wp-json\/wp\/v2\/tags?post=11"}],"curies":[{"name":"wp","href":"https:\/\/api.w.org\/{rel}","templated":true}]}}